{"id":2291,"date":"2019-09-06T10:21:35","date_gmt":"2019-09-06T09:21:35","guid":{"rendered":"https:\/\/jazzlab.com\/de\/?page_id=2291"},"modified":"2019-09-17T14:44:00","modified_gmt":"2019-09-17T13:44:00","slug":"was-ist-deflector-pro","status":"publish","type":"page","link":"https:\/\/jazzlab.com\/de\/deflector\/was-ist-deflector-pro\/","title":{"rendered":"Was ist DEFLECTOR-PRO"},"content":{"rendered":"\n<p>Arbeiten zu Hause am Sound, Artikulation und Dynamik ist mit dem DEFLECTOR-PRO viel einfacher, da man sich viel besser h\u00f6rt. \u00c4hnlich wie gegen die Wand spielen, nur viel direkter und effektiver. Mann kann dadurch auch leiser \u00fcben, der Nachbar wird dankbar sein. W\u00e4hrend der Probe oder beim Auftritt h\u00f6rt man die meiste Zeit nicht viel vom eigenen Sound. Mit dem DEFLECTOR-PRO kommt der Sound direkt zu den Ohren, laut und deutlich. Der Spieler h\u00f6rt genau den Sound den auch der Zuh\u00f6rer h\u00f6rt.<\/p>\n\n\n\n<figure class=\"wp-block-image\"><img decoding=\"async\" src=\"https:\/\/jazzlab.com\/en\/wp-content\/uploads\/jazzlab-deflector-pro-flyer-back-00-731x1024.jpg\" alt=\"\"\/><figcaption><br> <br>&#8211; leitet den Saxophon-Sound um, zu den Ohren des Spielers <br>&#8211; kann in wenigen Sekunden an das Instrument montiert werden<br>&#8211; ideal zum \u00dcben zu Hause<br>&#8211; sehr effektiv beim Spielen in der Band<br><\/figcaption><\/figure>\n","protected":false},"excerpt":{"rendered":"<p>Arbeiten zu Hause am Sound, Artikulation und Dynamik ist mit dem DEFLECTOR-PRO viel einfacher, da man sich viel besser h\u00f6rt. \u00c4hnlich wie gegen die Wand spielen, nur viel direkter und effektiver. Mann kann dadurch auch leiser \u00fcben, der Nachbar wird &hellip;<\/p>\n<p class=\"read-more\"> <a class=\"more-link\" href=\"https:\/\/jazzlab.com\/de\/deflector\/was-ist-deflector-pro\/\"> <span class=\"screen-reader-text\">Was ist DEFLECTOR-PRO<\/span> Weiterlesen &raquo;<\/a><\/p>\n","protected":false},"author":2,"featured_media":0,"parent":1984,"menu_order":1,"comment_status":"closed","ping_status":"closed","template":"","meta":{"footnotes":""},"class_list":["post-2291","page","type-page","status-publish","hentry"],"_links":{"self":[{"href":"https:\/\/jazzlab.com\/de\/wp-json\/wp\/v2\/pages\/2291","targetHints":{"allow":["GET"]}}],"collection":[{"href":"https:\/\/jazzlab.com\/de\/wp-json\/wp\/v2\/pages"}],"about":[{"href":"https:\/\/jazzlab.com\/de\/wp-json\/wp\/v2\/types\/page"}],"author":[{"embeddable":true,"href":"https:\/\/jazzlab.com\/de\/wp-json\/wp\/v2\/users\/2"}],"replies":[{"embeddable":true,"href":"https:\/\/jazzlab.com\/de\/wp-json\/wp\/v2\/comments?post=2291"}],"version-history":[{"count":3,"href":"https:\/\/jazzlab.com\/de\/wp-json\/wp\/v2\/pages\/2291\/revisions"}],"predecessor-version":[{"id":2327,"href":"https:\/\/jazzlab.com\/de\/wp-json\/wp\/v2\/pages\/2291\/revisions\/2327"}],"up":[{"embeddable":true,"href":"https:\/\/jazzlab.com\/de\/wp-json\/wp\/v2\/pages\/1984"}],"wp:attachment":[{"href":"https:\/\/jazzlab.com\/de\/wp-json\/wp\/v2\/media?parent=2291"}],"curies":[{"name":"wp","href":"https:\/\/api.w.org\/{rel}","templated":true}]}}