{"id":294,"date":"2011-04-03T17:32:52","date_gmt":"2011-04-03T16:32:52","guid":{"rendered":"https:\/\/jazzlab.com\/de\/"},"modified":"2026-03-18T09:59:26","modified_gmt":"2026-03-18T08:59:26","slug":"was-ist-saxholder","status":"publish","type":"page","link":"https:\/\/jazzlab.com\/de\/saxholder\/was-ist-saxholder\/","title":{"rendered":"Was ist SAXHOLDER-PRO?"},"content":{"rendered":"\n<figure class=\"wp-block-gallery has-nested-images columns-default is-cropped wp-block-gallery-1 is-layout-flex wp-block-gallery-is-layout-flex\">\n<figure class=\"wp-block-image size-large\"><img loading=\"lazy\" decoding=\"async\" width=\"671\" height=\"1024\" data-id=\"2657\" src=\"https:\/\/jazzlab.com\/de\/wp-content\/uploads\/jazzlab-saXholder-pro-flyer-front-03-1-671x1024.jpg\" alt=\"\" class=\"wp-image-2657\" srcset=\"https:\/\/jazzlab.com\/de\/wp-content\/uploads\/jazzlab-saXholder-pro-flyer-front-03-1-671x1024.jpg 671w, https:\/\/jazzlab.com\/de\/wp-content\/uploads\/jazzlab-saXholder-pro-flyer-front-03-1-197x300.jpg 197w, https:\/\/jazzlab.com\/de\/wp-content\/uploads\/jazzlab-saXholder-pro-flyer-front-03-1-768x1171.jpg 768w, https:\/\/jazzlab.com\/de\/wp-content\/uploads\/jazzlab-saXholder-pro-flyer-front-03-1-1007x1536.jpg 1007w, https:\/\/jazzlab.com\/de\/wp-content\/uploads\/jazzlab-saXholder-pro-flyer-front-03-1-100x153.jpg 100w, https:\/\/jazzlab.com\/de\/wp-content\/uploads\/jazzlab-saXholder-pro-flyer-front-03-1-150x229.jpg 150w, https:\/\/jazzlab.com\/de\/wp-content\/uploads\/jazzlab-saXholder-pro-flyer-front-03-1-200x305.jpg 200w, https:\/\/jazzlab.com\/de\/wp-content\/uploads\/jazzlab-saXholder-pro-flyer-front-03-1-300x458.jpg 300w, https:\/\/jazzlab.com\/de\/wp-content\/uploads\/jazzlab-saXholder-pro-flyer-front-03-1-450x686.jpg 450w, https:\/\/jazzlab.com\/de\/wp-content\/uploads\/jazzlab-saXholder-pro-flyer-front-03-1-600x915.jpg 600w, https:\/\/jazzlab.com\/de\/wp-content\/uploads\/jazzlab-saXholder-pro-flyer-front-03-1-900x1373.jpg 900w, https:\/\/jazzlab.com\/de\/wp-content\/uploads\/jazzlab-saXholder-pro-flyer-front-03-1.jpg 1078w\" sizes=\"auto, (max-width: 671px) 100vw, 671px\" \/><\/figure>\n<\/figure>\n\n\n\n<figure class=\"wp-block-gallery has-nested-images columns-default is-cropped wp-block-gallery-2 is-layout-flex wp-block-gallery-is-layout-flex\">\n<figure class=\"wp-block-image size-large\"><img loading=\"lazy\" decoding=\"async\" width=\"663\" height=\"1024\" data-id=\"2646\" src=\"https:\/\/jazzlab.com\/de\/wp-content\/uploads\/jazzlab-saXholder-pro-flyer-back-03-663x1024.jpg\" alt=\"\" class=\"wp-image-2646\" srcset=\"https:\/\/jazzlab.com\/de\/wp-content\/uploads\/jazzlab-saXholder-pro-flyer-back-03-663x1024.jpg 663w, https:\/\/jazzlab.com\/de\/wp-content\/uploads\/jazzlab-saXholder-pro-flyer-back-03-194x300.jpg 194w, https:\/\/jazzlab.com\/de\/wp-content\/uploads\/jazzlab-saXholder-pro-flyer-back-03-768x1185.jpg 768w, https:\/\/jazzlab.com\/de\/wp-content\/uploads\/jazzlab-saXholder-pro-flyer-back-03-995x1536.jpg 995w, https:\/\/jazzlab.com\/de\/wp-content\/uploads\/jazzlab-saXholder-pro-flyer-back-03-100x154.jpg 100w, https:\/\/jazzlab.com\/de\/wp-content\/uploads\/jazzlab-saXholder-pro-flyer-back-03-150x232.jpg 150w, https:\/\/jazzlab.com\/de\/wp-content\/uploads\/jazzlab-saXholder-pro-flyer-back-03-200x309.jpg 200w, https:\/\/jazzlab.com\/de\/wp-content\/uploads\/jazzlab-saXholder-pro-flyer-back-03-300x463.jpg 300w, https:\/\/jazzlab.com\/de\/wp-content\/uploads\/jazzlab-saXholder-pro-flyer-back-03-450x695.jpg 450w, https:\/\/jazzlab.com\/de\/wp-content\/uploads\/jazzlab-saXholder-pro-flyer-back-03-600x926.jpg 600w, https:\/\/jazzlab.com\/de\/wp-content\/uploads\/jazzlab-saXholder-pro-flyer-back-03-900x1389.jpg 900w, https:\/\/jazzlab.com\/de\/wp-content\/uploads\/jazzlab-saXholder-pro-flyer-back-03.jpg 1080w\" sizes=\"auto, (max-width: 663px) 100vw, 663px\" \/><\/figure>\n<\/figure>\n\n\n\n<figure class=\"wp-block-gallery has-nested-images columns-default is-cropped wp-block-gallery-3 is-layout-flex wp-block-gallery-is-layout-flex\">\n<figure class=\"wp-block-image size-large\"><img loading=\"lazy\" decoding=\"async\" width=\"728\" height=\"1024\" data-id=\"2596\" src=\"https:\/\/jazzlab.com\/de\/wp-content\/uploads\/jazzlab-saXholder-pro-update-2023-1-728x1024.jpg\" alt=\"\" class=\"wp-image-2596\" srcset=\"https:\/\/jazzlab.com\/de\/wp-content\/uploads\/jazzlab-saXholder-pro-update-2023-1-728x1024.jpg 728w, https:\/\/jazzlab.com\/de\/wp-content\/uploads\/jazzlab-saXholder-pro-update-2023-1-213x300.jpg 213w, https:\/\/jazzlab.com\/de\/wp-content\/uploads\/jazzlab-saXholder-pro-update-2023-1-768x1081.jpg 768w, https:\/\/jazzlab.com\/de\/wp-content\/uploads\/jazzlab-saXholder-pro-update-2023-1-100x141.jpg 100w, https:\/\/jazzlab.com\/de\/wp-content\/uploads\/jazzlab-saXholder-pro-update-2023-1-150x211.jpg 150w, https:\/\/jazzlab.com\/de\/wp-content\/uploads\/jazzlab-saXholder-pro-update-2023-1-200x281.jpg 200w, https:\/\/jazzlab.com\/de\/wp-content\/uploads\/jazzlab-saXholder-pro-update-2023-1-300x422.jpg 300w, https:\/\/jazzlab.com\/de\/wp-content\/uploads\/jazzlab-saXholder-pro-update-2023-1-450x633.jpg 450w, https:\/\/jazzlab.com\/de\/wp-content\/uploads\/jazzlab-saXholder-pro-update-2023-1-600x844.jpg 600w, https:\/\/jazzlab.com\/de\/wp-content\/uploads\/jazzlab-saXholder-pro-update-2023-1-900x1267.jpg 900w, https:\/\/jazzlab.com\/de\/wp-content\/uploads\/jazzlab-saXholder-pro-update-2023-1.jpg 1080w\" sizes=\"auto, (max-width: 728px) 100vw, 728px\" \/><\/figure>\n<\/figure>\n\n\n\n<p>Die herk\u00f6mmlichen Sax-Gurte belasten mit dem Saxophon-Gewicht stark die Halswirbel. Mit der Zeit treten bei vielen Spielern chronische Schmerzen und sogar Wirbelsch\u00e4den auf. SAXHOLDER-PRO ist ein neuartiges, patentiertes Dreipunkt-Trage-System: das gesamte Sax-Gewicht wird auf die beide gepolsterten Schulter-B\u00fcgel \u00fcbertragen und gleichzeitig mit der Bauch-St\u00fctze abgefangen.<\/p>\n\n\n\n<p><strong>SAXHOLDER-PRO<\/strong><br>\u2013 \u00fcbertr\u00e4gt das Sax-Gewicht gleichm\u00e4ssig auf die beiden Schulter, keine Belastung der Halswirbel.<br>\u2013 ist mit einer Hand sekundenschnell zu bedienen<br>\u2013 ist platzsparend: zusammengelegt kleiner als ein Blatt Papier<br>\u2013 ist leicht, wiegt nur 160 gramm<br>\u2013 ist bequem im Sitzen und im Stehen, verrutscht nicht<br>\u2013 sieht vorteilhaft aus, bei M\u00e4nnern und bei Frauen<\/p>\n\n\n\n<p><strong>SAXHOLDER-PRO<\/strong><br>\u2013 wurde in der Schweiz entwickelt<br>\u2013 wird in der Europ\u00e4ischen Union produziert<br>\u2013 Patente sind weltweit angemeldet<\/p>\n","protected":false},"excerpt":{"rendered":"<p>Die herk\u00f6mmlichen Sax-Gurte belasten mit dem Saxophon-Gewicht stark die Halswirbel. Mit der Zeit treten bei vielen Spielern chronische Schmerzen und sogar Wirbelsch\u00e4den auf. SAXHOLDER-PRO ist ein neuartiges, patentiertes Dreipunkt-Trage-System: das gesamte Sax-Gewicht wird auf die beide gepolsterten Schulter-B\u00fcgel \u00fcbertragen und &hellip;<\/p>\n<p class=\"read-more\"> <a class=\"more-link\" href=\"https:\/\/jazzlab.com\/de\/saxholder\/was-ist-saxholder\/\"> <span class=\"screen-reader-text\">Was ist SAXHOLDER-PRO?<\/span> Weiterlesen &raquo;<\/a><\/p>\n","protected":false},"author":2,"featured_media":0,"parent":274,"menu_order":1,"comment_status":"closed","ping_status":"closed","template":"","meta":{"footnotes":""},"class_list":["post-294","page","type-page","status-publish","hentry"],"_links":{"self":[{"href":"https:\/\/jazzlab.com\/de\/wp-json\/wp\/v2\/pages\/294","targetHints":{"allow":["GET"]}}],"collection":[{"href":"https:\/\/jazzlab.com\/de\/wp-json\/wp\/v2\/pages"}],"about":[{"href":"https:\/\/jazzlab.com\/de\/wp-json\/wp\/v2\/types\/page"}],"author":[{"embeddable":true,"href":"https:\/\/jazzlab.com\/de\/wp-json\/wp\/v2\/users\/2"}],"replies":[{"embeddable":true,"href":"https:\/\/jazzlab.com\/de\/wp-json\/wp\/v2\/comments?post=294"}],"version-history":[{"count":50,"href":"https:\/\/jazzlab.com\/de\/wp-json\/wp\/v2\/pages\/294\/revisions"}],"predecessor-version":[{"id":2796,"href":"https:\/\/jazzlab.com\/de\/wp-json\/wp\/v2\/pages\/294\/revisions\/2796"}],"up":[{"embeddable":true,"href":"https:\/\/jazzlab.com\/de\/wp-json\/wp\/v2\/pages\/274"}],"wp:attachment":[{"href":"https:\/\/jazzlab.com\/de\/wp-json\/wp\/v2\/media?parent=294"}],"curies":[{"name":"wp","href":"https:\/\/api.w.org\/{rel}","templated":true}]}}