{"id":298,"date":"2011-04-03T17:33:19","date_gmt":"2011-04-03T16:33:19","guid":{"rendered":"https:\/\/jazzlab.com\/de\/"},"modified":"2019-09-06T12:33:35","modified_gmt":"2019-09-06T11:33:35","slug":"user-uber-saxholder","status":"publish","type":"page","link":"https:\/\/jazzlab.com\/de\/saxholder\/user-uber-saxholder\/","title":{"rendered":"User \u00fcber SAXHOLDER-PRO"},"content":{"rendered":"<h4>Schreibe \u00fcber deine Erfahrungen mit dem SAXHOLDER-PRO<a href=\"mailto:info@jancic.ch\">\u00a0hier<\/a><\/h4>\n<p>_____________________________________________________________________<br \/>\nWenn mir mal der Entwickler des Saxholders \u00fcber den Weg l\u00e4uft, werde ich mich vor ihn hinwerfen und ihm die F\u00fc\u00dfe k\u00fcssen. Seit ich den Saxholder benutze, habe ich keine Halswirbels\u00e4ule-Probleme mehr.<br \/>\n_____________________________________________________________________<br \/>\nI would like to compliment you on the JazzLab &#8222;Sax Holder&#8220;. I am a professional musician, recording artist, educator and businessman based in Kansas City USA.<br \/>\nThe Sax Holder is lightweight, comfortable and ergonomic to the process of playing the saxophone. I was most impressed with the seeming weightlessness of the instrument, since there is no longer any requirement to support it placed on my neck. I find the Sax Holder also keeps the instrument in the same place, which results in my mouthpiece not moving away from my mouth as I play. This is great for keeping the proper embouchure while playing throughout the entire range of the saxophone. I have retired my other neckstrap! Christopher L. Burnett<br \/>\n_____________________________________________________________________<br \/>\nTolle Erfindung, der Saxholder. Allein wegen der Verpackung sollte man ihn sich kaufen. Aber das Ger\u00e4t selbst &#8211; perfekt. Zum ersten Mal in meinem Leben kann ich sagen, dass Kunststoff das Material der Wahl ist und kein billiger Ersatz f\u00fcr Metall. Alle Achtung f\u00fcr die Verbindung von Plastik und Aluminium! Konstruiert ist es perfekt, wirklich alles stimmt und nichts muss bei der n\u00e4chsten Charge verbessert werden. Toll! Und die Funktion ist \u00fcberw\u00e4ltigend: Kein tauber Nacken mehr, auch der rechte Daumen muss keine Halteleistung mehr erbringen, weil das Instrument genau im richtigen Abstand vor dem K\u00f6rper schwebt. Das hat auch Konsequenzen f\u00fcr den Ton, der sich frei entwickeln kann und nicht mehr von anliegender Kleidung ged\u00e4mmt wird.<br \/>\n_____________________________________________________________________<br \/>\nI\u2019ve just received my saxholders, ordered for myself and a student. I have to say after 26 years playing the saxophone this is the first time in a very long time I have been pain free whilst playing my instrument, which is a huge bonus. So thank you for an excellent product.<br \/>\n_____________________________________________________________________<br \/>\nDer Halter belastet den Nacken nicht, und dar\u00fcber hinaus ber\u00fchrt er den Hals-Nackenbereich nicht einmal. Dadurch im Vergleich zu herk\u00f6mmlichen thomann Gurten ein sehr angenehmes Tragegef\u00fchl. Ich empfinde das Sax jetzt weniger &#8222;an mir h\u00e4ngend&#8220;, sondern mehr &#8222;vor mir schwebend&#8220;. Das Material ist leicht und wirkt recht hochwertig.<br \/>\n_____________________________________________________________________<br \/>\nDieser Saxophonhalter ist sein Geld wert. Er ist f\u00fcr mich besser als alles, was ich bisher versucht habe. Selbst das schwere Tenorsaxophon wird damit beschwerdefrei getragen, das Gewicht liegt auf beiden Schultern, Hals bleibt frei, es verrutscht nichts und man hat volle Bewegungsfreiheit. Au\u00dferdem muss man man nicht erst lange einen Gurt umschnallen und m\u00fchsam wieder abnehmen. Der Saxholder ist mit einem Griff abgenommen und angelegt. Au\u00dferdem kann man ihn platzsparend im Tenorsax unterbringen. Deshalb gibt es die volle Punktzahl von mir.<br \/>\n_____________________________________________________________________<br \/>\nAn excellent product, which I have no doubt will save my back and neck over the forthcoming years! Ever since taking up the tenor saxophone, I&#8217;ve suffered with neck pain and back aches. The SaXholder has just transformed my playing immediately! Whereas before I could only play an hour maximum, together with my heavy sax whispermute I can now play as long as I want without any pain. Highly recommended product at an excellent price, from a great retailer!<br \/>\n_____________________________________________________________________<br \/>\nThis is great, I wish I had discovered this before I was getting a pain in the neck and then I wouldn&#8217;t have got one. I took my time to adjust it correctly, felt a little strange at first, most of my playing is sitting down. Several slight adjustments later, no pain in my neck, breathing easier, no restriction on my neck, my tenor sax felt light and just great. Highly recommend this piece of kit.<br \/>\n_____________________________________________________________________<br \/>\nI have intended to use this with my heavy baritone, but it is so good in practice &#8211; really frees your breathing and neck muscles, it is quick to put on, simple to store. I shall use it on all occasions, with alto and baritone.<br \/>\n_____________________________________________________________________<br \/>\nTotal genial &#8211; weg mit dem Halsgurt for ever! Freiheit und Gesundheit f\u00fcr die HWS!<br \/>\n_____________________________________________________________________<br \/>\nBin auch total begeistert vom SaXholder. Habe auch schon andere (gute) Tragesysteme ausprobiert, aber den finde ich einfach genial, kein umst\u00e4ndliches &#8222;in Gute klettern&#8220; mehr, einfach aufklappen, auf die Schultern legen und fertig!<br \/>\n_____________________________________________________________________<br \/>\nI purchased one of these weird contraptions from Eric Falcon a few months ago while attending a sax masterclass in Houston. Most of my gigs these days are 4hour gigs where Im standing. The traditional neck strap would wear me out by the end of the gig but this contraption distributes the load of the tenor from the neck to the shoulders and chest. I love it. I also switch to alto and I just have to adjust the string for the alto and it works fine. I highly suggest that you consider this neck strap!<br \/>\n_____________________________________________________________________<br \/>\nI&#8217;ve been using the Saxholder for a few months now. When I first put it on, I was laughing uncontrollably because it felt so free. I still feel similar things when using it. I love it.<\/p>\n<p>As a professional Yoga instructor, I would be aware of one thing when using this system. Make sure that you have the hooks adjusted to that your shoulder blades aren&#8217;t being pulled away from you back. On a related note, the top of the humerus should not be pushed forward. Lots of neck and shoulder pain are caused by just those two misalignments alone.<br \/>\n_____________________________________________________________________<br \/>\nI love this invention. I went back to my regular neckstrap a month ago and sure enough started having shoulder pain, finger numbness, tingling&#8230;&#8230;&#8230;&#8230;&#8230;went back to the Saxholder and I&#8217;ve been fine for the last 2-3 weeks now<br \/>\n_____________________________________________________________________<br \/>\nWell I finally received my Saxholder! Very impressed and not to have anything around my neck feels incredibly light and with greater mobility than with my (****) straps. I am built like a rugby player (used to be a hooker at school and university teams) so my 17&#8243; neck is strong, but my shoulders feel more comfortable as a result. I intend to use it mainly for my tenor, and both breathing seemed even easier and the sax sounded more resonant &#8211; almost as if my body dampens the sound to a degree.<\/p>\n<p>It felt different, but sat very comfortably on my upper body and the hook was very solid too.<br \/>\nHappy man!<br \/>\n_____________________________________________________________________<br \/>\nReceived my Saxholder today and have been playing with it all evening. Exceeds my high expectations. So nice to have the weight not looped around my neck but evenly distributed on the top\/back of my shoulders. I find it also makes it easier to &#8222;float&#8220; the mouthpiece in the proper embrochure alignment in a way that removes nearly all pressure on my bottom lip from my teeth.<\/p>\n<p>I love it and I doubt I&#8217;ll ever use a traditional neck strap again. What a wonderful invention.<br \/>\n_____________________________________________________________________<br \/>\nI&#8217;m really impressed but the SaxHolder, it does make the tenor seem remarkably lighter.<br \/>\n_____________________________________________________________________<br \/>\nI received the saXholder size XL. I love it, it is the perfect size for a big, large man like me. You are such a creative innovator to design and make this. My neck thanks you and honestly I think I can play the horn in a better position and hold it better with the saXholder than a traditional neckstrap.<br \/>\n_____________________________________________________________________<br \/>\nHerzlichen Dank. Der Saxholder ist gekommen und es ist fantastisch. Das Gef\u00fchl ist, als ob das Saxophon in der Luft w\u00e4re. Wenn man lang spielt, ist es eine grosse Hilfe, nicht nur f\u00fcr die Kindern sondern auch f\u00fcr die Erwachsene.<br \/>\n_____________________________________________________________________<\/p>\n<p>I having been using the saxholder for a week now and I just wanted to say what a great tool it is.<br \/>\nI have played saxophone for over thirty years and more recently have suffered from bad neck and arm problems.<br \/>\nThe sax harness setups are too restrictive but this system works great.<br \/>\n_____________________________________________________________________<br \/>\nI have had a huge amount of pain in recent years with holding the <strong>bass clarinet<\/strong> and until now I have been unable to find a neck strap that a\/ fits comfortably and b\/ looks correct on the female body!<br \/>\nAll other straps create tension in various places &#8230; either neck shoulders, back, hands, wrist, fingers.<\/p>\n<p>So I tried the Jazzlab and WOW! I performed my first solo recital on it last month and it is the first recital in a long time that I have had no discomfort at all.<br \/>\n_____________________________________________________________________<br \/>\nI received the Saxholder yesterday and it is amazing. I&#8217;m so happy with it&#8230;suddenly the saxophone is so lightweight !<br \/>\n_____________________________________________________________________<br \/>\nI have a very serious heart condition which for the past several years has restricted my playing to sitting in a chair, due to the stress on my neck muscles restricting even blood flow across my chest and back. I ordered a saXholder &#8230;. in early February. By mid March I was able to resume standing play and can stand playing up to 2 hours. The various adjustments allow the distribution on any of a number of shoulder and back muscle groups, completely freeing the neck. Pat, my wife, uses a BG yoke strap but tires standing after a half hour or so. I adjusted my saXholder for her to try out last Sunday and after 1 day she had me order one for her.<br \/>\n_____________________________________________________________________<\/p>\n<p>\u9996\u5148&#8230;\u9019\u4e0d\u662f\u5ee3\u544a<br \/>\n\u4e4b\u524d\u6211\u8001\u5e2b\u8cb7\u4e86\u4e00\u500b\u9019\u500b\u4e4b\u5f8c\u6628\u5929\u8b93\u6211\u8a66\u4e0b\u4e00\u4e0b,<br \/>\n\u9019\u500b\u9838\u5e36\u597d\u795e\u5947,<br \/>\n\u7528\u7684\u6642\u5019\u6574\u500b\u8116\u5b50\u5c31\u5b8c\u5168\u81ea\u7531\u7684(\u5176\u5be6\u6709\u9ede\u602a\u602a\u7684,\u56e0\u70ba\u5e73\u6642\u90fd\u6642\u8116\u5b50\u8981\u627f\u64d4\u6a02\u5668)<br \/>\n\u7528\u4e86\u4e4b\u5f8c\u97f3\u8272\u8b8a\u7684\u958b\u4e86\u4eae\u4e86\u9084\u633a\u591a\u7684<br \/>\n\u5728\u8001\u5e2b\u8eab\u4e0a\u8ddf\u6211\u81ea\u5df1\u8eab\u4e0a\u90fd\u6709\u76f8\u6548\u679c,\u5f88\u795e\u5947<br \/>\n\u4f60\u5011\u6709\u4eba\u807d\u8aaa\u904e\u9019\u500b\u6771\u6771\u55ce<br \/>\n_____________________________________________________________________<br \/>\nGot the sax holder. It&#8217;s great, really frees up my horn and makes playing easier. Also promotes better posture. Thanks.<br \/>\n_____________________________________________________________________<br \/>\nSaxholder took all the pressure off my neck and I am surprised at the number of aches and pains that I no longer have.<br \/>\n_____________________________________________________________________<br \/>\nHow do I spell neck relief &#8230;&#8230; saXholder. I have had mine for several hours now and I am amazed at the feeling of weightlessness and no neck problems after a few hours.<br \/>\n&#8230;<br \/>\nNEXT DAY: Yep after a day of mostly practice no fatigue, no PITNeck. A little bending dealt with the contact points. I&#8217;m loving it.<br \/>\n_____________________________________________________________________<br \/>\nIch kann den Saxholder vorbehaltlos empfehlen. Habe selber seitdem alle Nackenwirbelprobleme weg.<br \/>\n_____________________________________________________________________<br \/>\nIch finde den saxholder auch genial und benutze ihn nur noch:-))<br \/>\n_____________________________________________________________________<br \/>\nInzwischen habe ich mir den Saxholder besorgt und finde den richtig gut &#8211; h\u00e4tte ich nicht erwartet. Er schafft eine deutliche Entlastung des HWS-Bereichs.<br \/>\n_____________________________________________________________________<br \/>\nDerSaxholder ist einer der Top-Gurte bei einigen meiner Sch\u00fcler. Die schw\u00f6ren drauf und ich muss sagen, man h\u00f6rt die bessere Haltung.<br \/>\n_____________________________________________________________________<\/p>\n<p>Der saXholder ist eine echte Alternative zu allen bisher auf dem Markt befindlichen Systemen. Er ist leicht in der Handhabung und hebt sich schon dadurch wohltuend von anderen Tragesystemen ab. Das Gewicht des Saxophons verteilt sich optimal und ist kaum noch sp\u00fcrbar. Das Instrument bleibt dabei, genau wie bei herk\u00f6mmlichen Nackengurten, ohne Einschr\u00e4nkungen beweglich. Durch die vielf\u00e4ltigen Einstellm\u00f6glichkeiten ist er f\u00fcr alle Altersstufen geeignet.<br \/>\n_____________________________________________________________________<br \/>\nBecause of cervical\/neck issues related to my lifelong passion for the saxophone, I was forced to design my own harness many years ago. I found all of the commercially available harness designs were unnatural and restrictive. Many players share a myriad of sax related spinal and neck issues. Finally, I can say this amazing engineered saXholder device works better than any harness I have tried.<br \/>\n_____________________________________________________________________<br \/>\nDer saxholder ist super! Das Gewicht ist auf den Schultern, das Instrument h\u00e4ngt vorne frei wie bei einem Nackengurt und das Anziehen ist ganz einfach. Nicht so eine Wahnsinnsaktion wie bei einem Harness. Der ist unbedingt empfehlenswert.<br \/>\n_____________________________________________________________________<br \/>\nWith saXholder the horn feels like it&#8217;s floating, very comfortable, natural and easy to use.<br \/>\n_____________________________________________________________________<br \/>\nI really was impressed with the way the saXholder helped me with my wrist. I felt that I was able to play better while using that strap as well. It is superb!!!!!<br \/>\n_____________________________________________________________________<br \/>\nWie versprochen, sende ich dir mein Feedback zum Saxholder. Tja, es gibt nicht wirklich viel dazu zu sagen, da in div. Foren und auf deiner Webseite schon alles von anderen Saxholder-Benutzern gesagt wurde, einfach super und eine echte Entlastung f\u00fcr den Nacken! Bin total begeistert!<br \/>\n_____________________________________________________________________<\/p>\n<p>It&#8217;s a marvellous device, I can play the bass saxophone with that for almost an hour. With a conventional strap I can barely manage 10 minutes at a time. That&#8217;s proof enough for me.<br \/>\n_____________________________________________________________________<br \/>\nM\u00f6chte eine kurze R\u00fcckmeldung geben. Ich benutze jetzt schon ein paar Monate den Saxholder und bin sehr froh damit, wirklich eine prima Sache!!<br \/>\n_____________________________________________________________________<br \/>\nJust wanted to tell you that I am very satisfied with the saxholder. It is a brilliant product and now I do not ever have to suffer from that &#8222;strangling effect&#8220; around my neck when playing.<br \/>\n_____________________________________________________________________<br \/>\nGanz in Schwarz. Sehr gute Qualit\u00e4t.<\/p>\n<p>Bin begeistert!<\/p>\n<p>Verrutscht nicht, weil die Schulterb\u00fcgel den Hals fast eng aber sehr bequem umfassen und hinten auch bequem zwischen den Schulterbl\u00e4ttern liegen. Der kunststoffbezogene Hacken sieht sehr sicher aus. Den Druck der Bauchst\u00fctze auf den Bauch nehme ich kaum wahr.<\/p>\n<p>Ich habe vor allem den Eindruck, viel freier spielen, denken und atmen zu k\u00f6nnen. Sp\u00fcre nicht mehr, dass ich \u00fcberhaupt einen Saxophongurt (Hals- oder Brust-) trage!<\/p>\n<p>Mein Fazit: SEHR GUT!<\/p>\n<p>_____________________________________________________________________<br \/>\nEhrlich gesagt, habe ich nicht geglaubt, dass saXholder wirklich so klein, leicht und handlich ist.<br \/>\n_____________________________________________________________________<br \/>\nGr\u00fcezi lieber Silvin, saXholder kamm diese Woche bei mir an! (&#8230;..) Erst hab ich ihn mir sch\u00f6n zurecht gebogen und eingestellt, dann ging\u2019s aber ab mit der Post. Und wie: der holder macht wirklich Spa\u00df! Das Saxophon ist pl\u00f6tzlich richtig leicht, da rutscht und wackelt nichts mehr hin und her, und der Nacken schmerzt nun auch nicht mehr! Das reimt sich sogar, und was sich reimt das stimmt auch (sagte zumindest Pumuckl). Auf jeden Fall: ich bin begeistert, und kann Dich nur zu deinem gro\u00dfen Wurf begl\u00fcckw\u00fcnschen!<br \/>\n_____________________________________________________________________<br \/>\nIch bin sehr begeistert. Wie du gesagt hast am Tenor funktioniert er wunderbar. Ich hatte auch den Eindruck, dass er bei mir der Tendenz hohe T\u00f6ne zu dr\u00fccken entegegen wirkt. Es ist auf alle F\u00e4lle super angenehm.<\/p>\n<p>_____________________________________________________________________<br \/>\nLooks great&#8230;. I would imagine that it is good for alto to tenor. How about Baritone?<\/p>\n<p>ANSWER: saXholder works with tenor sax and alto sax. With longer cord it works with bass clarinet and fagot, too. Some players use it with bari sax and say it is great. Some bari sax players says that instrument is to heavy. Please test saXholder with bari sax in your music shop.<br \/>\n_____________________________________________________________________<br \/>\nCool!! Kann man die Avatar-Frau gleich mitkaufen, in Hautfarben? \ud83d\ude42<br \/>\n_____________________________________________________________________<br \/>\nSali Silvin, nichts gegen dich, aber auf dem Avatar Bild gef\u00e4llt mir das saXholder besser als an dir.<br \/>\n_____________________________________________________________________<br \/>\nAVATAR: Jetzt wird es bei M\u00e4nnern bestimmt wie warme Semmeln gehen<br \/>\n_____________________________________________________________________<\/p>\n<p>This looks very good\u2013 do you have prices yet? I\u2019ll use it at a band practice and let the other players try it out.<br \/>\n_____________________________________________________________________<\/p>\n<p>Pozdravljeni ! Lep izdelek na \u0161e lep\u0161em AVATAR telesu.<br \/>\n_____________________________________________________________________<\/p>\n<p>Looks pretty nice. I may take up the sax to try it.<br \/>\n_____________________________________________________________________<\/p>\n","protected":false},"excerpt":{"rendered":"<p>Schreibe \u00fcber deine Erfahrungen mit dem SAXHOLDER-PRO\u00a0hier _____________________________________________________________________ Wenn mir mal der Entwickler des Saxholders \u00fcber den Weg l\u00e4uft, werde ich mich vor ihn hinwerfen und ihm die F\u00fc\u00dfe k\u00fcssen. Seit ich den Saxholder benutze, habe ich keine Halswirbels\u00e4ule-Probleme mehr. &hellip;<\/p>\n<p class=\"read-more\"> <a class=\"more-link\" href=\"https:\/\/jazzlab.com\/de\/saxholder\/user-uber-saxholder\/\"> <span class=\"screen-reader-text\">User \u00fcber SAXHOLDER-PRO<\/span> Weiterlesen &raquo;<\/a><\/p>\n","protected":false},"author":2,"featured_media":0,"parent":274,"menu_order":3,"comment_status":"closed","ping_status":"closed","template":"","meta":{"footnotes":""},"class_list":["post-298","page","type-page","status-publish","hentry"],"_links":{"self":[{"href":"https:\/\/jazzlab.com\/de\/wp-json\/wp\/v2\/pages\/298","targetHints":{"allow":["GET"]}}],"collection":[{"href":"https:\/\/jazzlab.com\/de\/wp-json\/wp\/v2\/pages"}],"about":[{"href":"https:\/\/jazzlab.com\/de\/wp-json\/wp\/v2\/types\/page"}],"author":[{"embeddable":true,"href":"https:\/\/jazzlab.com\/de\/wp-json\/wp\/v2\/users\/2"}],"replies":[{"embeddable":true,"href":"https:\/\/jazzlab.com\/de\/wp-json\/wp\/v2\/comments?post=298"}],"version-history":[{"count":90,"href":"https:\/\/jazzlab.com\/de\/wp-json\/wp\/v2\/pages\/298\/revisions"}],"predecessor-version":[{"id":2310,"href":"https:\/\/jazzlab.com\/de\/wp-json\/wp\/v2\/pages\/298\/revisions\/2310"}],"up":[{"embeddable":true,"href":"https:\/\/jazzlab.com\/de\/wp-json\/wp\/v2\/pages\/274"}],"wp:attachment":[{"href":"https:\/\/jazzlab.com\/de\/wp-json\/wp\/v2\/media?parent=298"}],"curies":[{"name":"wp","href":"https:\/\/api.w.org\/{rel}","templated":true}]}}