{"id":7,"date":"2009-05-06T11:13:37","date_gmt":"2009-05-06T10:13:37","guid":{"rendered":"https:\/\/jazzlab.com\/de\/?page_id=7"},"modified":"2019-09-16T15:15:58","modified_gmt":"2019-09-16T14:15:58","slug":"die-profis-uber-silencer","status":"publish","type":"page","link":"https:\/\/jazzlab.com\/de\/silencer\/die-profis-uber-silencer\/","title":{"rendered":"Die Profis \u00fcber SILENCER"},"content":{"rendered":"<p><strong><a href=\"http:\/\/www.daveliebman.com\">David Liebman<\/a><\/strong>, Saxophonist, Musikpedagoge, Autor von &#8222;Der pers\u00f6nliche Saxophonsound&#8220;<\/p>\n<p>&nbsp;<br \/>\nDie Welt ist voller &nbsp;\u00dcberraschungen, Leute machen viele Dinge f\u00fcr alles m\u00f6gliche. Ich sage meinen Studenten immer wieder, wenn sie die Mundst\u00fcck\u00fcbungen machen (die erste \u00dcbung jeden Tag), sicher zu sein, dass niemand den sie m\u00f6gen in der N\u00e4he ist, da der Sound unbeschreiblich ist. Aber Jazzlab hat eine L\u00f6sung gebracht, die diese sehr wichtige \u00dcbung in fast jeder Situation machbar macht. Grosse Erfindung!<\/p>\n<p><img loading=\"lazy\" decoding=\"async\" class=\"aligncenter size-full wp-image-36\" title=\"m_l_m1\" src=\"https:\/\/jazzlab.com\/de\/wp-content\/uploads\/2009\/05\/m_l_m1.jpg\" alt=\"m_l_m1\" width=\"600\" height=\"820\" srcset=\"https:\/\/jazzlab.com\/de\/wp-content\/uploads\/2009\/05\/m_l_m1.jpg 388w, https:\/\/jazzlab.com\/de\/wp-content\/uploads\/2009\/05\/m_l_m1-219x300.jpg 219w\" sizes=\"auto, (max-width: 600px) 100vw, 600px\" \/><br \/>\n&nbsp;<br \/>\n___________________________________________________________________________<br \/>\n&nbsp;<br \/>\n<strong>Shooshie<\/strong>, Saxophonist, Autor:<br \/>\nBRAVO! I\u2019m thrilled to see this product. As the one who introduced these exercises on the net in 1994, I can only hope that more people will use them (with silencer!) to learn how it opens the door \u2013so easily \u2014 to advanced techniques\u2026\u2026\u2026. And\u2026 get a Silencer. It\u2019s a great idea! (I\u2019ve no connection with it, btw.)<\/p>\n<p>___________________________________________________________________________<br \/>\n&nbsp;<br \/>\n<strong><a href=\"http:\/\/www.jodyjazz.com\/\">Jody Espina<\/a><\/strong>, JODY JAZZ MUNDST\u00dcCKE:<br \/>\n&nbsp;<br \/>\nDie Mundst\u00fcck\u00fcbungen sind wichtig und dieses Ding funktioniert!<\/p>\n<p><img loading=\"lazy\" decoding=\"async\" class=\"aligncenter size-full wp-image-37\" title=\"m_j_m1\" src=\"https:\/\/jazzlab.com\/de\/wp-content\/uploads\/2009\/05\/m_j_m1.jpg\" alt=\"m_j_m1\" width=\"600\" height=\"810\" srcset=\"https:\/\/jazzlab.com\/de\/wp-content\/uploads\/2009\/05\/m_j_m1.jpg 377w, https:\/\/jazzlab.com\/de\/wp-content\/uploads\/2009\/05\/m_j_m1-222x300.jpg 222w\" sizes=\"auto, (max-width: 600px) 100vw, 600px\" \/><\/p>\n","protected":false},"excerpt":{"rendered":"<p>David Liebman, Saxophonist, Musikpedagoge, Autor von &#8222;Der pers\u00f6nliche Saxophonsound&#8220; &nbsp; Die Welt ist voller &nbsp;\u00dcberraschungen, Leute machen viele Dinge f\u00fcr alles m\u00f6gliche. Ich sage meinen Studenten immer wieder, wenn sie die Mundst\u00fcck\u00fcbungen machen (die erste \u00dcbung jeden Tag), sicher zu &hellip;<\/p>\n<p class=\"read-more\"> <a class=\"more-link\" href=\"https:\/\/jazzlab.com\/de\/silencer\/die-profis-uber-silencer\/\"> <span class=\"screen-reader-text\">Die Profis \u00fcber SILENCER<\/span> Weiterlesen &raquo;<\/a><\/p>\n","protected":false},"author":1,"featured_media":0,"parent":276,"menu_order":3,"comment_status":"closed","ping_status":"closed","template":"","meta":{"footnotes":""},"class_list":["post-7","page","type-page","status-publish","hentry"],"_links":{"self":[{"href":"https:\/\/jazzlab.com\/de\/wp-json\/wp\/v2\/pages\/7","targetHints":{"allow":["GET"]}}],"collection":[{"href":"https:\/\/jazzlab.com\/de\/wp-json\/wp\/v2\/pages"}],"about":[{"href":"https:\/\/jazzlab.com\/de\/wp-json\/wp\/v2\/types\/page"}],"author":[{"embeddable":true,"href":"https:\/\/jazzlab.com\/de\/wp-json\/wp\/v2\/users\/1"}],"replies":[{"embeddable":true,"href":"https:\/\/jazzlab.com\/de\/wp-json\/wp\/v2\/comments?post=7"}],"version-history":[{"count":27,"href":"https:\/\/jazzlab.com\/de\/wp-json\/wp\/v2\/pages\/7\/revisions"}],"predecessor-version":[{"id":2319,"href":"https:\/\/jazzlab.com\/de\/wp-json\/wp\/v2\/pages\/7\/revisions\/2319"}],"up":[{"embeddable":true,"href":"https:\/\/jazzlab.com\/de\/wp-json\/wp\/v2\/pages\/276"}],"wp:attachment":[{"href":"https:\/\/jazzlab.com\/de\/wp-json\/wp\/v2\/media?parent=7"}],"curies":[{"name":"wp","href":"https:\/\/api.w.org\/{rel}","templated":true}]}}