{"id":232,"date":"2011-04-03T17:48:07","date_gmt":"2011-04-03T16:48:07","guid":{"rendered":"https:\/\/jazzlab.com\/en\/?page_id=232"},"modified":"2019-09-06T12:17:57","modified_gmt":"2019-09-06T11:17:57","slug":"the-pros-about-saxholder","status":"publish","type":"page","link":"https:\/\/jazzlab.com\/en\/saxholder\/the-pros-about-saxholder\/","title":{"rendered":"The pros about the SAXHOLDER"},"content":{"rendered":"<p><strong><a href=\"http:\/\/www.bennygolson.com\/\">Benny Golson<\/a><\/strong>, saxophonist, composer and arranger: &#8220; The SAXHOLDER-PRO is what I&#8217;ve been waiting for. No more pressure on my neck. No more messed up shirt collars. No more sweated saxophone straps&#8220;<\/p>\n<p><a href=\"https:\/\/jazzlab.com\/de\/wp-content\/uploads\/Benny-Golson-with-saXholder.jpg\"><img loading=\"lazy\" decoding=\"async\" class=\"aligncenter size-large wp-image-692\" title=\"Benny Golson with saXholder\" src=\"https:\/\/jazzlab.com\/de\/wp-content\/uploads\/Benny-Golson-with-saXholder-802x1024.jpg\" alt=\"\" width=\"800\" height=\"318\" \/><\/a><\/p>\n<p>_______________________________________<\/p>\n<p><strong><a href=\"http:\/\/www.bobsheppard.net\/\">Bob Sheppard<\/a><\/strong>, saxophonist: &#8222;This amazing engineered SAXHOLDER-PRO device works better than any harness I have tried. The horn feels like it&#8217;s floating, very comfortable, natural and easy to use. Besides making the saxophone feel light as a feather, the SAXHOLDER-PRO has other positive side effects, including better posture and diaphragm breathing.&#8220;<\/p>\n\n\n<figure class=\"wp-block-image\"><img loading=\"lazy\" decoding=\"async\" width=\"779\" height=\"1024\" src=\"https:\/\/jazzlab.com\/en\/wp-content\/uploads\/Bob-Sheppard-with-saXholder-779x10241-779x1024.jpg\" alt=\"\" class=\"wp-image-1480\" srcset=\"https:\/\/jazzlab.com\/en\/wp-content\/uploads\/Bob-Sheppard-with-saXholder-779x10241.jpg 779w, https:\/\/jazzlab.com\/en\/wp-content\/uploads\/Bob-Sheppard-with-saXholder-779x10241-228x300.jpg 228w, https:\/\/jazzlab.com\/en\/wp-content\/uploads\/Bob-Sheppard-with-saXholder-779x10241-768x1010.jpg 768w, https:\/\/jazzlab.com\/en\/wp-content\/uploads\/Bob-Sheppard-with-saXholder-779x10241-100x131.jpg 100w, https:\/\/jazzlab.com\/en\/wp-content\/uploads\/Bob-Sheppard-with-saXholder-779x10241-150x197.jpg 150w, https:\/\/jazzlab.com\/en\/wp-content\/uploads\/Bob-Sheppard-with-saXholder-779x10241-200x263.jpg 200w, https:\/\/jazzlab.com\/en\/wp-content\/uploads\/Bob-Sheppard-with-saXholder-779x10241-300x394.jpg 300w, https:\/\/jazzlab.com\/en\/wp-content\/uploads\/Bob-Sheppard-with-saXholder-779x10241-450x592.jpg 450w, https:\/\/jazzlab.com\/en\/wp-content\/uploads\/Bob-Sheppard-with-saXholder-779x10241-600x789.jpg 600w\" sizes=\"auto, (max-width: 779px) 100vw, 779px\" \/><\/figure>\n\n\n<p>_______________________________________<\/p>\n<p><strong><a href=\"http:\/\/www.chicofreeman.com\/\">Chico Freeman<\/a><\/strong>, saxophonist, composer and producer: &#8222;The SAXHOLDER-PRO finally brings the best of two worlds together, the freedom of movement from a neck strap with the weight distribution of a harness and it looks good when you are wearing it&#8220;<\/p>\n\n\n<figure class=\"wp-block-image\"><img loading=\"lazy\" decoding=\"async\" width=\"802\" height=\"1024\" src=\"https:\/\/jazzlab.com\/en\/wp-content\/uploads\/Chico-Freeman-with-saXholder-802x10241-802x1024.jpg\" alt=\"\" class=\"wp-image-1481\" srcset=\"https:\/\/jazzlab.com\/en\/wp-content\/uploads\/Chico-Freeman-with-saXholder-802x10241.jpg 802w, https:\/\/jazzlab.com\/en\/wp-content\/uploads\/Chico-Freeman-with-saXholder-802x10241-235x300.jpg 235w, https:\/\/jazzlab.com\/en\/wp-content\/uploads\/Chico-Freeman-with-saXholder-802x10241-768x981.jpg 768w, https:\/\/jazzlab.com\/en\/wp-content\/uploads\/Chico-Freeman-with-saXholder-802x10241-100x128.jpg 100w, https:\/\/jazzlab.com\/en\/wp-content\/uploads\/Chico-Freeman-with-saXholder-802x10241-150x192.jpg 150w, https:\/\/jazzlab.com\/en\/wp-content\/uploads\/Chico-Freeman-with-saXholder-802x10241-200x255.jpg 200w, https:\/\/jazzlab.com\/en\/wp-content\/uploads\/Chico-Freeman-with-saXholder-802x10241-300x383.jpg 300w, https:\/\/jazzlab.com\/en\/wp-content\/uploads\/Chico-Freeman-with-saXholder-802x10241-450x575.jpg 450w, https:\/\/jazzlab.com\/en\/wp-content\/uploads\/Chico-Freeman-with-saXholder-802x10241-600x766.jpg 600w\" sizes=\"auto, (max-width: 802px) 100vw, 802px\" \/><\/figure>\n\n\n<p>_______________________________________<\/p>\n<p><strong><a href=\"http:\/\/www.deannabogart.com\/\">Deanna Bogart<\/a><\/strong>, saxophonist, pianist, singer: &#8220; gotta tell ya &#8211; i love the SAXHOLDER-PRO\u2026. i&#8217;m able to practice\/play longer without thinking about it because i&#8217;m so comfortable &#8211; feels like my horn just floats in front of me while time flies by. no more need for breaks due to neck or back strain\u2026. a few more live gigs w\/ the SAXHOLDER-PRO and having to quickly switch back and forth between horn and keys will be a breeze. i&#8217;m more impressed with the SAXHOLDER-PRO every time i use it\u2026.<\/p>\n\n\n<figure class=\"wp-block-image\"><img loading=\"lazy\" decoding=\"async\" width=\"1024\" height=\"802\" src=\"https:\/\/jazzlab.com\/en\/wp-content\/uploads\/Deanna-Bogart-with-saxholder-1024x8021-1024x802.jpg\" alt=\"\" class=\"wp-image-1482\" srcset=\"https:\/\/jazzlab.com\/en\/wp-content\/uploads\/Deanna-Bogart-with-saxholder-1024x8021.jpg 1024w, https:\/\/jazzlab.com\/en\/wp-content\/uploads\/Deanna-Bogart-with-saxholder-1024x8021-300x235.jpg 300w, https:\/\/jazzlab.com\/en\/wp-content\/uploads\/Deanna-Bogart-with-saxholder-1024x8021-768x602.jpg 768w, https:\/\/jazzlab.com\/en\/wp-content\/uploads\/Deanna-Bogart-with-saxholder-1024x8021-100x78.jpg 100w, https:\/\/jazzlab.com\/en\/wp-content\/uploads\/Deanna-Bogart-with-saxholder-1024x8021-150x117.jpg 150w, https:\/\/jazzlab.com\/en\/wp-content\/uploads\/Deanna-Bogart-with-saxholder-1024x8021-200x157.jpg 200w, https:\/\/jazzlab.com\/en\/wp-content\/uploads\/Deanna-Bogart-with-saxholder-1024x8021-450x352.jpg 450w, https:\/\/jazzlab.com\/en\/wp-content\/uploads\/Deanna-Bogart-with-saxholder-1024x8021-600x470.jpg 600w, https:\/\/jazzlab.com\/en\/wp-content\/uploads\/Deanna-Bogart-with-saxholder-1024x8021-900x705.jpg 900w\" sizes=\"auto, (max-width: 1024px) 100vw, 1024px\" \/><\/figure>\n\n\n<p>_______________________________________<\/p>\n<p><strong><a href=\"http:\/\/www.eliascoutinho.com.br\/\">Elias Coutinho<\/a><\/strong>, saxophonist, BRAZIL: &#8220; The SAXHOLDER-PRO is amazing, I left feeling pain I never knew you had. The feeling is freedom without neck strain and perfect fit in the body, magnificent&#8220;<\/p>\n<p>&#8222;A SAXHOLDER-PRO \u00e9 incr\u00edvel, deixei de sentir dores que eu nem sabia que tinha. A sensa\u00e7\u00e3o \u00e9 de liberdade, sem tens\u00f5es no pesco\u00e7o e encaixe perfeito no corpo, magn\u00edfico&#8220;<\/p>\n\n\n<figure class=\"wp-block-image\"><img loading=\"lazy\" decoding=\"async\" width=\"1024\" height=\"1021\" src=\"https:\/\/jazzlab.com\/en\/wp-content\/uploads\/Elias-Coutinho-with-a-saXholder-1024x10211-1024x1021.jpg\" alt=\"\" class=\"wp-image-1483\" srcset=\"https:\/\/jazzlab.com\/en\/wp-content\/uploads\/Elias-Coutinho-with-a-saXholder-1024x10211.jpg 1024w, https:\/\/jazzlab.com\/en\/wp-content\/uploads\/Elias-Coutinho-with-a-saXholder-1024x10211-150x150.jpg 150w, https:\/\/jazzlab.com\/en\/wp-content\/uploads\/Elias-Coutinho-with-a-saXholder-1024x10211-300x299.jpg 300w, https:\/\/jazzlab.com\/en\/wp-content\/uploads\/Elias-Coutinho-with-a-saXholder-1024x10211-768x766.jpg 768w, https:\/\/jazzlab.com\/en\/wp-content\/uploads\/Elias-Coutinho-with-a-saXholder-1024x10211-100x100.jpg 100w, https:\/\/jazzlab.com\/en\/wp-content\/uploads\/Elias-Coutinho-with-a-saXholder-1024x10211-200x199.jpg 200w, https:\/\/jazzlab.com\/en\/wp-content\/uploads\/Elias-Coutinho-with-a-saXholder-1024x10211-450x449.jpg 450w, https:\/\/jazzlab.com\/en\/wp-content\/uploads\/Elias-Coutinho-with-a-saXholder-1024x10211-600x598.jpg 600w, https:\/\/jazzlab.com\/en\/wp-content\/uploads\/Elias-Coutinho-with-a-saXholder-1024x10211-900x897.jpg 900w\" sizes=\"auto, (max-width: 1024px) 100vw, 1024px\" \/><\/figure>\n\n\n<p>_______________________________________<\/p>\n<p><strong><a href=\"http:\/\/www.evantatemusic.com\">Evan Tate<\/a><\/strong>, saxophonist: &#8222;It feels so natural. I can move freely without the weight of the horn on my neck. I&#8217;m able to breathe freely and the SAXHOLDER-PRO supports the breathing from the stomach. Truly, a great investment!&#8220;<\/p>\n\n\n<figure class=\"wp-block-image\"><img loading=\"lazy\" decoding=\"async\" width=\"1024\" height=\"1024\" src=\"https:\/\/jazzlab.com\/en\/wp-content\/uploads\/Evan-Tate-with-saXholder-1024x10241.jpg\" alt=\"\" class=\"wp-image-1484\" srcset=\"https:\/\/jazzlab.com\/en\/wp-content\/uploads\/Evan-Tate-with-saXholder-1024x10241.jpg 1024w, https:\/\/jazzlab.com\/en\/wp-content\/uploads\/Evan-Tate-with-saXholder-1024x10241-150x150.jpg 150w, https:\/\/jazzlab.com\/en\/wp-content\/uploads\/Evan-Tate-with-saXholder-1024x10241-300x300.jpg 300w, https:\/\/jazzlab.com\/en\/wp-content\/uploads\/Evan-Tate-with-saXholder-1024x10241-768x768.jpg 768w, https:\/\/jazzlab.com\/en\/wp-content\/uploads\/Evan-Tate-with-saXholder-1024x10241-100x100.jpg 100w, https:\/\/jazzlab.com\/en\/wp-content\/uploads\/Evan-Tate-with-saXholder-1024x10241-200x200.jpg 200w, https:\/\/jazzlab.com\/en\/wp-content\/uploads\/Evan-Tate-with-saXholder-1024x10241-450x450.jpg 450w, https:\/\/jazzlab.com\/en\/wp-content\/uploads\/Evan-Tate-with-saXholder-1024x10241-600x600.jpg 600w, https:\/\/jazzlab.com\/en\/wp-content\/uploads\/Evan-Tate-with-saXholder-1024x10241-900x900.jpg 900w\" sizes=\"auto, (max-width: 1024px) 100vw, 1024px\" \/><\/figure>\n\n\n<p>_______________________________________<\/p>\n<p><strong> <a href=\"http:\/\/www.georgegarzone.com\/index1.html\">George Garzone<\/a><\/strong>, saxophonist and jazz educator, Berklee College of Music: &#8222;For me, the SAXHOLDER-PRO takes away all the pressure of the saxophone on my body. This is a phenomenon!&#8220;<\/p>\n\n\n<figure class=\"wp-block-image\"><img loading=\"lazy\" decoding=\"async\" width=\"710\" height=\"606\" src=\"https:\/\/jazzlab.com\/en\/wp-content\/uploads\/George-Garzone-1.jpg\" alt=\"\" class=\"wp-image-1485\" srcset=\"https:\/\/jazzlab.com\/en\/wp-content\/uploads\/George-Garzone-1.jpg 710w, https:\/\/jazzlab.com\/en\/wp-content\/uploads\/George-Garzone-1-300x256.jpg 300w, https:\/\/jazzlab.com\/en\/wp-content\/uploads\/George-Garzone-1-100x85.jpg 100w, https:\/\/jazzlab.com\/en\/wp-content\/uploads\/George-Garzone-1-150x128.jpg 150w, https:\/\/jazzlab.com\/en\/wp-content\/uploads\/George-Garzone-1-200x171.jpg 200w, https:\/\/jazzlab.com\/en\/wp-content\/uploads\/George-Garzone-1-450x384.jpg 450w, https:\/\/jazzlab.com\/en\/wp-content\/uploads\/George-Garzone-1-600x512.jpg 600w\" sizes=\"auto, (max-width: 710px) 100vw, 710px\" \/><\/figure>\n\n\n<p>____________________________________<\/p>\n<p><strong> Indio See<\/strong>, saxophonist, music producer, sound technician, BRAZIL about SAXHOLDER-PRO: &#8222;I am really surprised and happy with the SAXHOLDER-PRO! SUPER comfortable, I feel a great relief. It&#8217;s like the saxophone was suspended. Amazing! No tenses the neck, and pain are no more. It&#8217;s really a product genius. Congratulations to the manufacturer! Wonderful in every way. I just I loved it!&#8220;<\/p>\n<p>&#8222;Estou realmente muito surpreso e feliz com o SAXHOLDER-PRO! SUPER confort\u00e1vel, sinto um grande al\u00edvio. \u00c9 como se o saxofone estivesse suspenso. Incr\u00edvel! N\u00e3o tensiona o pesco\u00e7o e as dores n\u00e3o existem mais. \u00c9 realmente um produto genial. Parab\u00e9ns ao fabricante! Maravilhoso, em todos os sentidos. Eu simplesmente adorei!&#8220;<\/p>\n\n\n<figure class=\"wp-block-image is-resized\"><img loading=\"lazy\" decoding=\"async\" src=\"https:\/\/jazzlab.com\/en\/wp-content\/uploads\/saXholder-Indio-See-960x10241-960x1024.jpg\" alt=\"\" class=\"wp-image-1489\" width=\"586\" height=\"624\" srcset=\"https:\/\/jazzlab.com\/en\/wp-content\/uploads\/saXholder-Indio-See-960x10241.jpg 960w, https:\/\/jazzlab.com\/en\/wp-content\/uploads\/saXholder-Indio-See-960x10241-281x300.jpg 281w, https:\/\/jazzlab.com\/en\/wp-content\/uploads\/saXholder-Indio-See-960x10241-768x819.jpg 768w, https:\/\/jazzlab.com\/en\/wp-content\/uploads\/saXholder-Indio-See-960x10241-100x107.jpg 100w, https:\/\/jazzlab.com\/en\/wp-content\/uploads\/saXholder-Indio-See-960x10241-150x160.jpg 150w, https:\/\/jazzlab.com\/en\/wp-content\/uploads\/saXholder-Indio-See-960x10241-200x213.jpg 200w, https:\/\/jazzlab.com\/en\/wp-content\/uploads\/saXholder-Indio-See-960x10241-300x320.jpg 300w, https:\/\/jazzlab.com\/en\/wp-content\/uploads\/saXholder-Indio-See-960x10241-450x480.jpg 450w, https:\/\/jazzlab.com\/en\/wp-content\/uploads\/saXholder-Indio-See-960x10241-600x640.jpg 600w, https:\/\/jazzlab.com\/en\/wp-content\/uploads\/saXholder-Indio-See-960x10241-900x960.jpg 900w\" sizes=\"auto, (max-width: 586px) 100vw, 586px\" \/><\/figure>\n\n\n<p>_______________________________________<\/p>\n<p><strong><a href=\"http:\/\/www.paquitodrivera.com\/\">Paquito d&#8217;Rivera<\/a><\/strong>, Paquito D&#8217;Rivera, GRAMMY award winning Clarinetist and Saxophonist, about SAXHOLDER-PRO: &#8222;It works just great!!&#8220;<\/p>\n\n\n<figure class=\"wp-block-image\"><img loading=\"lazy\" decoding=\"async\" width=\"1024\" height=\"836\" src=\"https:\/\/jazzlab.com\/en\/wp-content\/uploads\/paquito-drivera-with-saxholder-1024x8361-1024x836.jpg\" alt=\"\" class=\"wp-image-1486\" srcset=\"https:\/\/jazzlab.com\/en\/wp-content\/uploads\/paquito-drivera-with-saxholder-1024x8361.jpg 1024w, https:\/\/jazzlab.com\/en\/wp-content\/uploads\/paquito-drivera-with-saxholder-1024x8361-300x245.jpg 300w, https:\/\/jazzlab.com\/en\/wp-content\/uploads\/paquito-drivera-with-saxholder-1024x8361-768x627.jpg 768w, https:\/\/jazzlab.com\/en\/wp-content\/uploads\/paquito-drivera-with-saxholder-1024x8361-100x82.jpg 100w, https:\/\/jazzlab.com\/en\/wp-content\/uploads\/paquito-drivera-with-saxholder-1024x8361-150x122.jpg 150w, https:\/\/jazzlab.com\/en\/wp-content\/uploads\/paquito-drivera-with-saxholder-1024x8361-200x163.jpg 200w, https:\/\/jazzlab.com\/en\/wp-content\/uploads\/paquito-drivera-with-saxholder-1024x8361-450x367.jpg 450w, https:\/\/jazzlab.com\/en\/wp-content\/uploads\/paquito-drivera-with-saxholder-1024x8361-600x490.jpg 600w, https:\/\/jazzlab.com\/en\/wp-content\/uploads\/paquito-drivera-with-saxholder-1024x8361-900x735.jpg 900w\" sizes=\"auto, (max-width: 1024px) 100vw, 1024px\" \/><\/figure>\n\n\n<p>_______________________________________<\/p>\n<p><strong><a href=\"http:\/\/www.petethomas.co.uk\/\">Pete Thomas<\/a><\/strong>, music producer and saxophonist, about SAXHOLDER-PRO: &#8222;Finally, I can play the bass for more than 5 minutes at a time!&#8220;<\/p>\n\n\n<figure class=\"wp-block-image\"><img loading=\"lazy\" decoding=\"async\" width=\"1008\" height=\"1024\" src=\"https:\/\/jazzlab.com\/en\/wp-content\/uploads\/Pete-Thomas-with-saxholder1-1008x10241-1008x1024.jpg\" alt=\"\" class=\"wp-image-1487\" srcset=\"https:\/\/jazzlab.com\/en\/wp-content\/uploads\/Pete-Thomas-with-saxholder1-1008x10241.jpg 1008w, https:\/\/jazzlab.com\/en\/wp-content\/uploads\/Pete-Thomas-with-saxholder1-1008x10241-295x300.jpg 295w, https:\/\/jazzlab.com\/en\/wp-content\/uploads\/Pete-Thomas-with-saxholder1-1008x10241-768x780.jpg 768w, https:\/\/jazzlab.com\/en\/wp-content\/uploads\/Pete-Thomas-with-saxholder1-1008x10241-100x102.jpg 100w, https:\/\/jazzlab.com\/en\/wp-content\/uploads\/Pete-Thomas-with-saxholder1-1008x10241-150x152.jpg 150w, https:\/\/jazzlab.com\/en\/wp-content\/uploads\/Pete-Thomas-with-saxholder1-1008x10241-200x203.jpg 200w, https:\/\/jazzlab.com\/en\/wp-content\/uploads\/Pete-Thomas-with-saxholder1-1008x10241-300x305.jpg 300w, https:\/\/jazzlab.com\/en\/wp-content\/uploads\/Pete-Thomas-with-saxholder1-1008x10241-450x457.jpg 450w, https:\/\/jazzlab.com\/en\/wp-content\/uploads\/Pete-Thomas-with-saxholder1-1008x10241-600x610.jpg 600w, https:\/\/jazzlab.com\/en\/wp-content\/uploads\/Pete-Thomas-with-saxholder1-1008x10241-900x914.jpg 900w\" sizes=\"auto, (max-width: 1008px) 100vw, 1008px\" \/><\/figure>\n\n\n<p>_______________________________________<\/p>\n<p><strong><a href=\"http:\/\/www.sarahkwatts.co.uk\/\">Sarah Watts<\/a><\/strong>, bass clarinet, England: &#8222;It is the first strap that I have ever played on that distributes the weight in such a way that I feel no tension at all when playing. The bass clarinet falls naturally into my playing position and there is minimal pressure on the right hand thumb meaning that I am totally free of any tension or strain that can cause wrist and arm pain.&#8220;<\/p>\n\n\n<figure class=\"wp-block-image is-resized\"><img loading=\"lazy\" decoding=\"async\" src=\"https:\/\/jazzlab.com\/en\/wp-content\/uploads\/Sarah-Watts-with-saxholder-267x3001.jpg\" alt=\"\" class=\"wp-image-1488\" width=\"587\" height=\"660\" srcset=\"https:\/\/jazzlab.com\/en\/wp-content\/uploads\/Sarah-Watts-with-saxholder-267x3001.jpg 267w, https:\/\/jazzlab.com\/en\/wp-content\/uploads\/Sarah-Watts-with-saxholder-267x3001-100x112.jpg 100w, https:\/\/jazzlab.com\/en\/wp-content\/uploads\/Sarah-Watts-with-saxholder-267x3001-150x169.jpg 150w, https:\/\/jazzlab.com\/en\/wp-content\/uploads\/Sarah-Watts-with-saxholder-267x3001-200x225.jpg 200w\" sizes=\"auto, (max-width: 587px) 100vw, 587px\" \/><\/figure>\n\n\n<p>_______________________________________<\/p>\n<p>Sergio Flores, <strong><a href=\"http:\/\/thesexysaxman.com\/\">Sexy Sax Man<\/a><\/strong>, saxophonist, about SAXHOLDER-PRO: &#8222;I think I as soon as I tried it I fell in love with it!&#8230; my neck is totally free! ..It&#8217;s brilliant!&#8220;<\/p>\n\n\n<figure class=\"wp-block-image\"><img loading=\"lazy\" decoding=\"async\" width=\"768\" height=\"1024\" src=\"https:\/\/jazzlab.com\/en\/wp-content\/uploads\/Sexy-Sax-Man-Sergio-Flores-with-saXholder-768x10241-768x1024.jpg\" alt=\"\" class=\"wp-image-1490\" srcset=\"https:\/\/jazzlab.com\/en\/wp-content\/uploads\/Sexy-Sax-Man-Sergio-Flores-with-saXholder-768x10241.jpg 768w, https:\/\/jazzlab.com\/en\/wp-content\/uploads\/Sexy-Sax-Man-Sergio-Flores-with-saXholder-768x10241-225x300.jpg 225w, https:\/\/jazzlab.com\/en\/wp-content\/uploads\/Sexy-Sax-Man-Sergio-Flores-with-saXholder-768x10241-100x133.jpg 100w, https:\/\/jazzlab.com\/en\/wp-content\/uploads\/Sexy-Sax-Man-Sergio-Flores-with-saXholder-768x10241-150x200.jpg 150w, https:\/\/jazzlab.com\/en\/wp-content\/uploads\/Sexy-Sax-Man-Sergio-Flores-with-saXholder-768x10241-200x267.jpg 200w, https:\/\/jazzlab.com\/en\/wp-content\/uploads\/Sexy-Sax-Man-Sergio-Flores-with-saXholder-768x10241-300x400.jpg 300w, https:\/\/jazzlab.com\/en\/wp-content\/uploads\/Sexy-Sax-Man-Sergio-Flores-with-saXholder-768x10241-450x600.jpg 450w, https:\/\/jazzlab.com\/en\/wp-content\/uploads\/Sexy-Sax-Man-Sergio-Flores-with-saXholder-768x10241-600x800.jpg 600w\" sizes=\"auto, (max-width: 768px) 100vw, 768px\" \/><\/figure>\n\n\n<p>_______________________________________<\/p>\n<p><strong> <a href=\"http:\/\/www.shaulimusic.com\/#!HOME\/mainPage\">Shauli Einav<\/a><\/strong>, saxophonist: &#8222;Before using the SAXHOLDER-PRO I used to feel exhausted after performances, especially in shows which I had to play more than 2 hours. Now when I use the SAXHOLDER I notice I have much more energy during the performance and afterwards since I don&#8217;t have to support the sax with the neck.&#8220;\u00a0<\/p>\n\n\n<figure class=\"wp-block-image\"><img loading=\"lazy\" decoding=\"async\" width=\"850\" height=\"567\" src=\"https:\/\/jazzlab.com\/en\/wp-content\/uploads\/Shauli-Einav-with-saxholder.jpg\" alt=\"\" class=\"wp-image-1475\" srcset=\"https:\/\/jazzlab.com\/en\/wp-content\/uploads\/Shauli-Einav-with-saxholder.jpg 850w, https:\/\/jazzlab.com\/en\/wp-content\/uploads\/Shauli-Einav-with-saxholder-300x200.jpg 300w, https:\/\/jazzlab.com\/en\/wp-content\/uploads\/Shauli-Einav-with-saxholder-768x512.jpg 768w, https:\/\/jazzlab.com\/en\/wp-content\/uploads\/Shauli-Einav-with-saxholder-100x67.jpg 100w, https:\/\/jazzlab.com\/en\/wp-content\/uploads\/Shauli-Einav-with-saxholder-150x100.jpg 150w, https:\/\/jazzlab.com\/en\/wp-content\/uploads\/Shauli-Einav-with-saxholder-200x133.jpg 200w, https:\/\/jazzlab.com\/en\/wp-content\/uploads\/Shauli-Einav-with-saxholder-450x300.jpg 450w, https:\/\/jazzlab.com\/en\/wp-content\/uploads\/Shauli-Einav-with-saxholder-600x400.jpg 600w\" sizes=\"auto, (max-width: 850px) 100vw, 850px\" \/><\/figure>\n","protected":false},"excerpt":{"rendered":"<p>Benny Golson, saxophonist, composer and arranger: &#8220; The SAXHOLDER-PRO is what I&#8217;ve been waiting for. No more pressure on my neck. No more messed up shirt collars. No more sweated saxophone straps&#8220; _______________________________________ Bob Sheppard, saxophonist: &#8222;This amazing engineered SAXHOLDER-PRO &hellip;<\/p>\n<p class=\"read-more\"> <a class=\"more-link\" href=\"https:\/\/jazzlab.com\/en\/saxholder\/the-pros-about-saxholder\/\"> <span class=\"screen-reader-text\">The pros about the SAXHOLDER<\/span> Weiterlesen &raquo;<\/a><\/p>\n","protected":false},"author":2,"featured_media":0,"parent":228,"menu_order":2,"comment_status":"closed","ping_status":"closed","template":"","meta":{"footnotes":""},"class_list":["post-232","page","type-page","status-publish","hentry"],"_links":{"self":[{"href":"https:\/\/jazzlab.com\/en\/wp-json\/wp\/v2\/pages\/232","targetHints":{"allow":["GET"]}}],"collection":[{"href":"https:\/\/jazzlab.com\/en\/wp-json\/wp\/v2\/pages"}],"about":[{"href":"https:\/\/jazzlab.com\/en\/wp-json\/wp\/v2\/types\/page"}],"author":[{"embeddable":true,"href":"https:\/\/jazzlab.com\/en\/wp-json\/wp\/v2\/users\/2"}],"replies":[{"embeddable":true,"href":"https:\/\/jazzlab.com\/en\/wp-json\/wp\/v2\/comments?post=232"}],"version-history":[{"count":109,"href":"https:\/\/jazzlab.com\/en\/wp-json\/wp\/v2\/pages\/232\/revisions"}],"predecessor-version":[{"id":1644,"href":"https:\/\/jazzlab.com\/en\/wp-json\/wp\/v2\/pages\/232\/revisions\/1644"}],"up":[{"embeddable":true,"href":"https:\/\/jazzlab.com\/en\/wp-json\/wp\/v2\/pages\/228"}],"wp:attachment":[{"href":"https:\/\/jazzlab.com\/en\/wp-json\/wp\/v2\/media?parent=232"}],"curies":[{"name":"wp","href":"https:\/\/api.w.org\/{rel}","templated":true}]}}