{"id":10,"date":"2009-05-06T11:14:07","date_gmt":"2009-05-06T11:14:07","guid":{"rendered":"https:\/\/jazzlab.com\/de\/?page_id=10"},"modified":"2019-09-16T14:19:53","modified_gmt":"2019-09-16T14:19:53","slug":"silencer-testimonials","status":"publish","type":"page","link":"https:\/\/jazzlab.com\/fr\/silencer\/silencer-testimonials\/","title":{"rendered":"SILENCER &#8211; avis des utilisateurs"},"content":{"rendered":"<h4>Share your silencer experience <a href=\"mailto:info@jancic.ch\">here<\/a><br \/>\n_______________________________________________________<\/h4>\n<p>Vous pouvez vous entendre parfaitement avec le silencieux &#8230; sans faire fuir tout le monde. Le fascicule qui l&#8217;accompagne d\u00e9taille bien la fa\u00e7on d&#8217;utiliser efficacement le silencieux, avec de nombreux exercices vari\u00e9s.<br \/>\nIl est vraiment excellent &#8230; s&#8217;il est utilis\u00e9e et non pas laiss\u00e9e dans un coin !<\/p>\n<h4>_______________________________________________________<\/h4>\n<p>Oui, les exercices d&#8217;embouchure \u00e9taient comme la solution miracle pour moi. J&#8217;ai travaill\u00e9 \u00e0 essayer d&#8217;obtenir les harmoniques durant ma carri\u00e8re universitaire, mais jamais vraiment au-del\u00e0 du Bb. Une fois que vous pouvez jouer sur votre embout buccal SANS bouger vos l\u00e8vres ou les coins de votre bouche DU TOUT, cela devient beaucoup plus facile. Cela demande beaucoup de concentration au d\u00e9but, mais rapidement, cela prends beaucoup plus de sens.<\/p>\n<h4>_______________________________________________________<\/h4>\n<p>J&#8217;ai un silencieux pour mon sax tenor depuis 6 ou 7 mois. Au d\u00e9but c&#8217;\u00e9tait dur : les exercices d&#8217;embouchure sont difficiles \u00e0 r\u00e9aliser. Quand j&#8217;ai commenc\u00e9 \u00e0 pratiquer, j&#8217;ai pens\u00e9 : eh bien je vais passer un peu de temps l\u00e0 dessus et jouer quelques sons. Et ainsi, en une semaine ou deux que je pouvais jouer une quarte. Mais alors il \u00e9tait tr\u00e8s difficile pour moi de venir \u00e0 bout de la quinte. Ensuite, j&#8217;ai commenc\u00e9 \u00e0 utiliser des silencieux. J&#8217;ai remarqu\u00e9 assez vite que j&#8217;ai faisais tout de travers. J&#8217;ai essay\u00e9 de changer la position de ma langue et ma gorge, mais en r\u00e9alit\u00e9, j&#8217;ai surtout chang\u00e9 la pression de ma m\u00e2choire. Cela fonctionne pour quarte, mais avec un silencieux, \u00e7a ne marche pas du tout. Je suis donc reparti du d\u00e9but, comme d\u00e9crit dans le fascicule et dans la vid\u00e9o. Maintenant cela fonctionne, mais uniquement si je ne change rien avec mes l\u00e8vres ou la m\u00e2choire et que si j&#8217;ai un tr\u00e8s bon soutien de mon diaphragme. Donc, c&#8217;est un entra\u00eenement parfait.<br \/>\nJe pratique encore tous les jours : en jouant des gammes (majeurs, mineurs, diff\u00e9rents be-bop, HTWT, diminu\u00e9s&#8230;). Mon professeur me dit toujours: comment pouvez-vous jouer votre impro si vous ne l&#8217;avez pas dans votre t\u00eate? Il a raison: comment puis-je improviser, si je ne peux m\u00eame pas chanter une gamme. Je n&#8217;ai pas une belle voix, donc je me suis dit: comment puis-je improviser si je ne peux jouer la m\u00e9lodie que dans ma t\u00eate sur le bec seul. Cela a \u00e9t\u00e9 tr\u00e8s dur au d\u00e9but, mais \u00e7a va de mieux en mieux chaque jour. Pour moi, c&#8217;est l&#8217;avantage majeur du Silencieux.<br \/>\nPar ailleurs, je suis tr\u00e8s occup\u00e9 et n&#8217;ai pas beaucoup de temps pour m&#8217;exercer. Mais j&#8217;ai toujours 5 ou 10 minutes en attendant le train ou dans les embouteillages de jouer avec mon embout. Mais sans le silencieux, \u00e7a ne serait pas possible !<\/p>\n<h4>_______________________________________________________<\/h4>\n<p>Pour garder l\u2019embouchure en forme, travailler l&#8217;oreille et contr\u00f4ler ma respiration, j&#8217;ai derni\u00e8rement utilis\u00e9 le Silencieux et \u00e7a a \u00e9t\u00e9 g\u00e9nial de travailler avec. Je l&#8217;utilise sur le chemin du bureau et quand je reviens, \u00e0 tel point que je peux jouer un peu plus d&#8217;une octave, et je joue aussi des gammes, des intervalles, et des airs &#8211; tout simplement en utilisant mon bec, je n&#8217;ai jamais \u00e9t\u00e9 capable de faire des exercices avant parce que le bruit et les vibrations \u00e9taient trop forts. Le Silencieux s&#8217;en occupe, et le meilleur dans tout \u00e7a c&#8217;est que pratiquer de cette fa\u00e7on m&#8217;aide \u00e0 corriger ma mauvaise habitude de ne pas enfoncer suffisamment de l&#8217;embout dans la bouche (une habitude facile de prendre lorsque vous essayez de jouer doucement tout le temps!). Avec environ 5 \u00e0 10 minutes par jour, \u00e0 l&#8217;aide du silencieux, je suis pr\u00eat \u00e0 jouer sur un big band ou en trio no-drum avec le volume appropri\u00e9 et un bon son.<br \/>\nKeep swinging !<\/p>\n<h4>_______________________________________________________<\/h4>\n<p>Je viens de commencer les exercices, j&#8217;ai donc un long chemin \u00e0 parcourir encore, mais je dois dire que votre produit est l&#8217;un des meilleurs achats que j&#8217;ai jamais fait pour mon sax! Il y a pas mal de temps que je voulais faire les exercices d&#8217;embouchure, mais le bruit \u00e9tait tellement ennuyeux que je ne pouvais pas supporter d&#8217;entendre mes propres sons, sans parler de la g\u00eane pour mes voisins. Maintenant, le son est tout \u00e0 fait acceptable et je me sens libre de faire mes exercices, m\u00eame pendant la nuit. J&#8217;aime aussi le fascicule joint et le DVD d&#8217;instruction. J&#8217;aurai aim\u00e9 d\u00e9couvrir votre produit bien avant !<\/p>\n<h4>_______________________________________________________<\/h4>\n<p>Jolie fille sur la page d&#8217;accueil !<\/p>\n<h4>_______________________________________________________<\/h4>\n<p>Je viens d&#8217;acheter le Silencieux. Cet achat a imm\u00e9diatement suivi le visionnage de votre vid\u00e9o sur YOUTUBE. Ma femme et mon chien vous remercient, et moi aussi !<\/p>\n<h4>_______________________________________________________<\/h4>\n<p>Cette chose fonctionne r\u00e9ellement bien, il fait ce pour quoi il est con\u00e7u et il est tr\u00e8s utile.<\/p>\n<h4>_______________________________________________________<\/h4>\n<p>Je le recommande \u00e0 100%, surtout dans les embouteillages afin d&#8217;ennuyer personne avec un son bizarre pendant que vous vous exercez.<\/p>\n<h4>_______________________________________________________<\/h4>\n<p>C&#8217;est un petit accessoire fantastique, qui rend amusante une partie de votre journ\u00e9e en jouant sur le bec seul.<br \/>\nNous connaissons tous les mots de Joe Allard et Dave Leibman qui disent que les exercices d&#8217;embouchure sont tr\u00e8s importants&#8230; Mais il faut bien admettre que ces exercices sont une tann\u00e9e !<br \/>\nDans un autre t\u00e9moignage, j&#8217;ai lu quelqu&#8217;un qui d\u00e9crivait le Silencieux comme un simple tube avec un trou dedans. Eh bien, non seulement ce n&#8217;est pas bien de dire cela, mais c&#8217;est \u00e9galement tr\u00e8s na\u00eff.<br \/>\nJe me l\u00e8ve chaque matin, fais mon caf\u00e9, puis regarde la TV et joue avec le Silencieux en m\u00eame temps.<br \/>\nCet accessoire est tr\u00e8s bien con\u00e7u, tout comme le DVD et le fascicule o\u00f9 l&#8217;on trouve beaucoup d&#8217;informations et de fa\u00e7ons de progresser. 10\/10 pour moi !<\/p>\n<h4>_______________________________________________________<\/h4>\n<p>J&#8217;ai un silencieux et l&#8217;utilise cinq \u00e0 dix minutes par jour pour faire juste quelques exercices (comme ceux mentionn\u00e9s sur ce site). Si je le fais sans silencieux, juste sur le bec seul, c&#8217;est trop fort pour moi et pour toute la famille&#8230; Le silencieux att\u00e9nue beaucoup le son tout en ne modifiant pas trop le sensation de jeu sur le bac seul.<\/p>\n<h4>_______________________________________________________<\/h4>\n<p>J&#8217;ai vu le Silencieux au salon Musikmesse de Francfort de cette ann\u00e9e et il a \u00e9t\u00e9 accueilli avec un certain scepticisme, mais en r\u00e9alit\u00e9, c&#8217;est un tr\u00e8s bon produit.<br \/>\nSi vous ne pratiquez pas les exercices d&#8217;embouchure, cela ne vaut pas le coup de critiquer le concept. Mais si vous pensez qu&#8217;ils sont tr\u00e8s utiles et vous \u00eates dans le genre d&#8217;endroit o\u00f9 jouer fait constamment grincer les dents de vos voisins et \/ ou de leurs animaux de compagnie, alors il est vraiment tr\u00e8s excellent.<br \/>\nIl a quelques inconv\u00e9nients &#8211; le pitch est l\u00e9g\u00e8rement sup\u00e9rieure \u00e0 la hauteur r\u00e9elle (pas s\u00fbr que ce soit vraiment un inconv\u00e9nient \u00e0 y penser) et il faut un peu plus d&#8217;effort pour jouer \u00e0 cause d&#8217;une r\u00e9sistance plus importante. Donc ce n&#8217;est pas une reproduction parfaite de l&#8217;embouchure (en plus silencieux), mais au final, l&#8217;augmentation de la r\u00e9sistance fait travailler vos muscles du diaphragme.<\/p>\n<h4>_______________________________________________________<\/h4>\n<p>Sympa, efficace, s\u00e9rieux, professionnel. Superbe vid\u00e9o, elle m&#8217;a ouvert les yeux.<\/p>\n<h4>_______________________________________________________<\/h4>\n<p>Ce cours et ce silencieux valent chaque centime d\u00e9pens\u00e9 !<\/p>\n<h4>_______________________________________________________<\/h4>\n<p>Un excellent produit. Fabriqu\u00e9 et emball\u00e9 de fa\u00e7on tr\u00e8s pro. La livraison rapide. Merci!<\/p>\n<h4>_______________________________________________________<\/h4>\n<p>Accessoire brillant, excellent rapport qualit\u00e9\/prix, je le recommande vivement.<\/p>\n<h4>_______________________________________________________<\/h4>\n<p>Excellent accessoire, j&#8217;en ai jou\u00e9 toute la nuit. Merci!<\/p>\n<h4>_______________________________________________________<\/h4>\n<p>Grande invention, bien fait.<\/p>\n<h4>_______________________________________________________<\/h4>\n<p>Plus de nouvelle embouchures ! Bon produit !<\/p>\n<h4>_______________________________________________________<\/h4>\n<p>Encore meilleur et plus utile que ce qui \u00e9tait indiqu\u00e9e. Je lui donne un triple AAA !<\/p>\n<h4>_______________________________________________________<\/h4>\n<p>La livraison rapide, bien emball\u00e9, l&#8217;article correspond exactement \u00e0 sa description, je recommande.<\/p>\n<h4>_______________________________________________________<\/h4>\n<p>Article tr\u00e8s utile que je recommande fortement<\/p>\n<h4>_______________________________________________________<\/h4>\n<p>Brillant, je vous remercie<\/p>\n<p>Super article &#8230; maintenant il faut se mettre au boulot<\/p>\n<h4>_______________________________________________________<\/h4>\n<p>La livraison est nickel. Ma maison est un peu plus calme \u00e0 pr\u00e9sent \ud83d\ude42<\/p>\n<h4>_______________________________________________________<\/h4>\n<p>Invention g\u00e9niale !<\/p>\n<h4>_______________________________________________________<\/h4>\n<p>La livraison rapide, pas aussi silencieux qu&#8217;un murmure, mais c&#8217;est peut-\u00eatre juste moi. Beau produit<\/p>\n<h4>_______________________________________________________<\/h4>\n<p>Tr\u00e8s bon produit, tr\u00e8s bon service, un grand merci<\/p>\n<h4>_______________________________________________________<\/h4>\n<p>Brillant ! ce Silencieux<\/p>\n<h4>_______________________________________________________<\/h4>\n<p>Grand atout pour ceux qui veulent am\u00e9liorer leur jeu.<\/p>\n<h4>_______________________________________________________<\/h4>\n<p>J&#8217;en ai un et je le trouve vraiment utile, surtout pour travailler mes exercices d&#8217;embouchure sans rendre fou les gens autours, y compris moi.<\/p>\n<p>&nbsp;<\/p>\n","protected":false},"excerpt":{"rendered":"<p>Share your silencer experience here _______________________________________________________ Vous pouvez vous entendre parfaitement avec le silencieux &#8230; sans faire fuir tout le monde. Le fascicule qui l&#8217;accompagne d\u00e9taille bien la fa\u00e7on d&#8217;utiliser efficacement le silencieux, avec de nombreux exercices vari\u00e9s. Il est &hellip;<\/p>\n<p class=\"read-more\"> <a class=\"more-link\" href=\"https:\/\/jazzlab.com\/fr\/silencer\/silencer-testimonials\/\"> <span class=\"screen-reader-text\">SILENCER &#8211; avis des utilisateurs<\/span> Weiterlesen &raquo;<\/a><\/p>\n","protected":false},"author":1,"featured_media":0,"parent":129,"menu_order":3,"comment_status":"closed","ping_status":"closed","template":"","meta":{"footnotes":""},"class_list":["post-10","page","type-page","status-publish","hentry"],"_links":{"self":[{"href":"https:\/\/jazzlab.com\/fr\/wp-json\/wp\/v2\/pages\/10","targetHints":{"allow":["GET"]}}],"collection":[{"href":"https:\/\/jazzlab.com\/fr\/wp-json\/wp\/v2\/pages"}],"about":[{"href":"https:\/\/jazzlab.com\/fr\/wp-json\/wp\/v2\/types\/page"}],"author":[{"embeddable":true,"href":"https:\/\/jazzlab.com\/fr\/wp-json\/wp\/v2\/users\/1"}],"replies":[{"embeddable":true,"href":"https:\/\/jazzlab.com\/fr\/wp-json\/wp\/v2\/comments?post=10"}],"version-history":[{"count":9,"href":"https:\/\/jazzlab.com\/fr\/wp-json\/wp\/v2\/pages\/10\/revisions"}],"predecessor-version":[{"id":1319,"href":"https:\/\/jazzlab.com\/fr\/wp-json\/wp\/v2\/pages\/10\/revisions\/1319"}],"up":[{"embeddable":true,"href":"https:\/\/jazzlab.com\/fr\/wp-json\/wp\/v2\/pages\/129"}],"wp:attachment":[{"href":"https:\/\/jazzlab.com\/fr\/wp-json\/wp\/v2\/media?parent=10"}],"curies":[{"name":"wp","href":"https:\/\/api.w.org\/{rel}","templated":true}]}}