{"id":240,"date":"2011-04-03T17:50:08","date_gmt":"2011-04-03T17:50:08","guid":{"rendered":"https:\/\/jazzlab.com\/en\/?page_id=240"},"modified":"2025-02-14T10:11:53","modified_gmt":"2025-02-14T10:11:53","slug":"saxholder-movies","status":"publish","type":"page","link":"https:\/\/jazzlab.com\/fr\/saxholder\/saxholder-movies\/","title":{"rendered":"SAXHOLDER-PRO galerie vid\u00e9o"},"content":{"rendered":"\n<p>JAZZLAB-SAXHOLDER-PRO_how_to_adjust_the_cord<\/p>\n\n\n\n<figure class=\"wp-block-video\"><video controls src=\"https:\/\/jazzlab.com\/fr\/wp-content\/uploads\/20191025_171900_1_1_360x240.mp4\"><\/video><\/figure>\n\n\n\n<p>JAZZLAB-SAXHOLDER-PRO_how_to_store<\/p>\n\n\n\n<figure class=\"wp-block-video\"><video controls src=\"https:\/\/jazzlab.com\/fr\/wp-content\/uploads\/JAZZLAB-SAXHOLDER-how-to-store.mp4\"><\/video><\/figure>\n\n\n\n<p>JAZZLAB-SAXHOLDER-PRO_cord_replacement<\/p>\n\n\n\n<figure class=\"wp-block-video\"><video controls src=\"https:\/\/jazzlab.com\/fr\/wp-content\/uploads\/JAZZLAB-SAXHOLDER-PRO-cord-replacement_448x336.mp4\"><\/video><\/figure>\n\n\n\n<p>SAXHOLDER reviev by Jay Metcalf: &#8222;I highly recommend the Saxholder&#8220;<\/p>\n\n\n\n<figure class=\"wp-block-embed is-type-video is-provider-youtube wp-block-embed-youtube wp-embed-aspect-16-9 wp-has-aspect-ratio\"><div class=\"wp-block-embed__wrapper\">\n<iframe loading=\"lazy\" title=\"Saxholder Saxophone Harness Review\" width=\"605\" height=\"340\" src=\"https:\/\/www.youtube.com\/embed\/tynxDd0XwXY?feature=oembed\" frameborder=\"0\" allow=\"accelerometer; autoplay; clipboard-write; encrypted-media; gyroscope; picture-in-picture; web-share\" referrerpolicy=\"strict-origin-when-cross-origin\" allowfullscreen><\/iframe>\n<\/div><\/figure>\n\n\n\n<p>SAXHOLDER reviev by Steve Neff: &#8222;I think it&#8217;s a great product. Great job!!&#8220;<\/p>\n\n\n\n<figure class=\"wp-block-embed is-type-video is-provider-youtube wp-block-embed-youtube wp-embed-aspect-4-3 wp-has-aspect-ratio\"><div class=\"wp-block-embed__wrapper\">\n<iframe loading=\"lazy\" title=\"Saxholder Saxophone Neckstrap Review\" width=\"605\" height=\"454\" src=\"https:\/\/www.youtube.com\/embed\/E81uappTqAE?feature=oembed\" frameborder=\"0\" allow=\"accelerometer; autoplay; clipboard-write; encrypted-media; gyroscope; picture-in-picture; web-share\" referrerpolicy=\"strict-origin-when-cross-origin\" allowfullscreen><\/iframe>\n<\/div><\/figure>\n\n\n\n<p>Essai du saXholder<br>\n<a href=\"http:\/\/www.youtube.com\/watch?v=JBHqNjb0-vE\" target=\"_blank\" rel=\"noopener noreferrer\">Vid\u00e9o de d\u00e9monstration<\/a> du saXholder par <a href=\"http:\/\/www.saxwelt.de\/\" target=\"_blank\" rel=\"noopener noreferrer\">www.saxwelt.de<\/a> (en allemand)<br>\n______________________________<\/p>\n\n\n\n<figure class=\"wp-block-embed is-type-video is-provider-youtube wp-block-embed-youtube wp-embed-aspect-16-9 wp-has-aspect-ratio\"><div class=\"wp-block-embed__wrapper\">\n<iframe loading=\"lazy\" title=\"Saxholder\" width=\"605\" height=\"340\" src=\"https:\/\/www.youtube.com\/embed\/JBHqNjb0-vE?feature=oembed\" frameborder=\"0\" allow=\"accelerometer; autoplay; clipboard-write; encrypted-media; gyroscope; picture-in-picture; web-share\" referrerpolicy=\"strict-origin-when-cross-origin\" allowfullscreen><\/iframe>\n<\/div><\/figure>\n\n\n\n<p> ______________________________<\/p>\n\n\n\n<p><a href=\"http:\/\/www.youtube.com\/watch?v=JKbA6n5grPM&amp;feature=youtu.be\" target=\"_blank\" rel=\"noopener noreferrer\">Shauli Einav, saxophoniste tenor, jouant avec le saXholder \u00e0 Munich<\/a><\/p>\n\n\n\n<figure class=\"wp-block-embed is-type-video is-provider-youtube wp-block-embed-youtube wp-embed-aspect-4-3 wp-has-aspect-ratio\"><div class=\"wp-block-embed__wrapper\">\n<iframe loading=\"lazy\" title=\"The Musketeer - Shauli Einav Quintet live @Munich\" width=\"605\" height=\"454\" src=\"https:\/\/www.youtube.com\/embed\/JKbA6n5grPM?feature=oembed\" frameborder=\"0\" allow=\"accelerometer; autoplay; clipboard-write; encrypted-media; gyroscope; picture-in-picture; web-share\" referrerpolicy=\"strict-origin-when-cross-origin\" allowfullscreen><\/iframe>\n<\/div><\/figure>\n\n\n\n<p>\u201cLe saXholder est tr\u00e8s s\u00e9curisant et lorsqu&#8217;il est est plac\u00e9 sur les \u00e9paules, il ne tombe pas m\u00eame lorsqu&#8217;on bouge souvent avec le sax.<br>\nJ&#8217;ai \u00e9galement remarqu\u00e9 que mon souffle est plus dense et que mon son est plus pur qu&#8217;auparavant. Je suppose que c&#8217;est gr\u00e2ce \u00e0 la disparition de la pression sur mon cou.<\/p>\n\n\n\n<p>____________________________________________<\/p>\n\n\n\n<p>SAXHOLDER review by Norma Moon:<\/p>\n\n\n\n<figure class=\"wp-block-embed is-type-video is-provider-youtube wp-block-embed-youtube wp-embed-aspect-16-9 wp-has-aspect-ratio\"><div class=\"wp-block-embed__wrapper\">\n<iframe loading=\"lazy\" title=\"Han Mejorado el SAX HOLDER! [Para colgarse el Saxof\u00f3n]\" width=\"605\" height=\"340\" src=\"https:\/\/www.youtube.com\/embed\/vKGPrAPqX5M?feature=oembed\" frameborder=\"0\" allow=\"accelerometer; autoplay; clipboard-write; encrypted-media; gyroscope; picture-in-picture; web-share\" referrerpolicy=\"strict-origin-when-cross-origin\" allowfullscreen><\/iframe>\n<\/div><\/figure>\n","protected":false},"excerpt":{"rendered":"<p>JAZZLAB-SAXHOLDER-PRO_how_to_adjust_the_cord JAZZLAB-SAXHOLDER-PRO_how_to_store JAZZLAB-SAXHOLDER-PRO_cord_replacement SAXHOLDER reviev by Jay Metcalf: &#8222;I highly recommend the Saxholder&#8220; SAXHOLDER reviev by Steve Neff: &#8222;I think it&#8217;s a great product. Great job!!&#8220; Essai du saXholder Vid\u00e9o de d\u00e9monstration du saXholder par www.saxwelt.de (en allemand) ______________________________ ______________________________ &hellip;<\/p>\n<p class=\"read-more\"> <a class=\"more-link\" href=\"https:\/\/jazzlab.com\/fr\/saxholder\/saxholder-movies\/\"> <span class=\"screen-reader-text\">SAXHOLDER-PRO galerie vid\u00e9o<\/span> Weiterlesen &raquo;<\/a><\/p>\n","protected":false},"author":2,"featured_media":0,"parent":228,"menu_order":7,"comment_status":"closed","ping_status":"closed","template":"","meta":{"footnotes":""},"class_list":["post-240","page","type-page","status-publish","hentry"],"_links":{"self":[{"href":"https:\/\/jazzlab.com\/fr\/wp-json\/wp\/v2\/pages\/240","targetHints":{"allow":["GET"]}}],"collection":[{"href":"https:\/\/jazzlab.com\/fr\/wp-json\/wp\/v2\/pages"}],"about":[{"href":"https:\/\/jazzlab.com\/fr\/wp-json\/wp\/v2\/types\/page"}],"author":[{"embeddable":true,"href":"https:\/\/jazzlab.com\/fr\/wp-json\/wp\/v2\/users\/2"}],"replies":[{"embeddable":true,"href":"https:\/\/jazzlab.com\/fr\/wp-json\/wp\/v2\/comments?post=240"}],"version-history":[{"count":9,"href":"https:\/\/jazzlab.com\/fr\/wp-json\/wp\/v2\/pages\/240\/revisions"}],"predecessor-version":[{"id":1728,"href":"https:\/\/jazzlab.com\/fr\/wp-json\/wp\/v2\/pages\/240\/revisions\/1728"}],"up":[{"embeddable":true,"href":"https:\/\/jazzlab.com\/fr\/wp-json\/wp\/v2\/pages\/228"}],"wp:attachment":[{"href":"https:\/\/jazzlab.com\/fr\/wp-json\/wp\/v2\/media?parent=240"}],"curies":[{"name":"wp","href":"https:\/\/api.w.org\/{rel}","templated":true}]}}